{"id":1230,"date":"2018-11-07T18:02:55","date_gmt":"2018-11-07T17:02:55","guid":{"rendered":"https:\/\/www.stemmarine.it\/?page_id=1230"},"modified":"2023-11-15T14:08:56","modified_gmt":"2023-11-15T13:08:56","slug":"centres-assistance","status":"publish","type":"page","link":"https:\/\/www.stemmarine.it\/fr\/centres-assistance\/","title":{"rendered":"Centres Assistance"},"content":{"rendered":"<h1>Nos Centres Assistance autoris\u00e9s<\/h1>\n<p>A nos clients nous garantissons un service technique apr\u00e8s-vente de mani\u00e8re directe ou en passant par notre r\u00e9seau de distributeurs et partenaires locaux.<\/p>\n<address>\n<h2>ITALIE<\/h2>\n<h4><b>STEM S.r.l.<\/b><br \/>\nStrada Ghiaie, 12\/D<br \/>\n43014 Medesano (PR)<br \/>\nItalie<\/h4>\n<h5>CONTACTS<\/h5>\n<h4><a href=\"mailto:info@stemmarine.it\">info@stemmarine.it<\/a><br \/>\nTel: <a href=\"tel:+390525430102\">+39 0525 430102<\/a><br \/>\nFax: +39 0525 421341<\/h4>\n<\/address>\n<address>\n<h2>FRANCE<\/h2>\n<h4><b>STEM France s.a.s<\/b><\/h4>\n<h4>1655 Avenue de la M\u00e9diterran\u00e9e<br \/>\n13180 Gignac-la-Nerthe<br \/>\nFrance<\/h4>\n<h5>CONTACTS<\/h5>\n<h4><a href=\"mailto:info@france.stem.it\">info@france.stem.it<\/a><br \/>\nAcceptance: <a href=\"tel:+330486641260\">+33 0486641260<\/a><br \/>\nDirect Line: <a href=\"tel:+330486641258\">+33 0486641258<\/a><br \/>\nFax: +33 0486641259<br \/>\nWebsite: <a href=\"http:\/\/www.france.stem.it\/\">www.france.stem.it<\/a><\/h4>\n<\/address>\n<address>\n<h2>BELGIQUE<\/h2>\n<h4><b>AUTONAUTIQUE SPRL<\/b><br \/>\nRue de Maibes 29,<br \/>\n5364 Schaltin<br \/>\nBelgique<\/h4>\n<h5>CONTACTS<\/h5>\n<h4>Tel: <a href=\"tel:+32495232220\">+32 495 23 22 20<\/a><\/h4>\n<\/address>\n<address>\n<h2>ILE DE LA REUNION<\/h2>\n<h4><b>Waterland Services<\/b><br \/>\n1 rue Paul Berthier<br \/>\nPort de plaisance<br \/>\n97420 Le Port<br \/>\nIle de La Reunion, Oc\u00e9an Indien<\/h4>\n<h5>CONTACTS<\/h5>\n<h4><a href=\"mailto:waterlandservices@hotmail.fr\">waterlandservices@hotmail.fr<\/a><br \/>\nTel: <a href=\"tel:+262262778888\">+262 262 77 88 88<\/a><br \/>\nRef. Andrea Galuppi:<br \/>\n<a href=\"tel:+262692213126\">+262 692 213126<\/a><\/h4>\n<\/address>\n","protected":false},"excerpt":{"rendered":"<p>Nos Centres Assistance autoris\u00e9s A nos clients nous garantissons un service technique apr\u00e8s-vente de mani\u00e8re directe ou en passant par notre r\u00e9seau de distributeurs et partenaires<span class=\"excerpt-hellip\"> [\u2026]<\/span><\/p>\n","protected":false},"author":17,"featured_media":0,"parent":0,"menu_order":0,"comment_status":"closed","ping_status":"closed","template":"","meta":{"_monsterinsights_skip_tracking":false,"_monsterinsights_sitenote_active":false,"_monsterinsights_sitenote_note":"","_monsterinsights_sitenote_category":0,"footnotes":""},"class_list":["post-1230","page","type-page","status-publish","hentry"],"_links":{"self":[{"href":"https:\/\/www.stemmarine.it\/fr\/wp-json\/wp\/v2\/pages\/1230","targetHints":{"allow":["GET"]}}],"collection":[{"href":"https:\/\/www.stemmarine.it\/fr\/wp-json\/wp\/v2\/pages"}],"about":[{"href":"https:\/\/www.stemmarine.it\/fr\/wp-json\/wp\/v2\/types\/page"}],"author":[{"embeddable":true,"href":"https:\/\/www.stemmarine.it\/fr\/wp-json\/wp\/v2\/users\/17"}],"replies":[{"embeddable":true,"href":"https:\/\/www.stemmarine.it\/fr\/wp-json\/wp\/v2\/comments?post=1230"}],"version-history":[{"count":7,"href":"https:\/\/www.stemmarine.it\/fr\/wp-json\/wp\/v2\/pages\/1230\/revisions"}],"predecessor-version":[{"id":2757,"href":"https:\/\/www.stemmarine.it\/fr\/wp-json\/wp\/v2\/pages\/1230\/revisions\/2757"}],"wp:attachment":[{"href":"https:\/\/www.stemmarine.it\/fr\/wp-json\/wp\/v2\/media?parent=1230"}],"curies":[{"name":"wp","href":"https:\/\/api.w.org\/{rel}","templated":true}]}}