{"id":1289,"date":"2018-11-14T10:25:41","date_gmt":"2018-11-14T09:25:41","guid":{"rendered":"https:\/\/www.stemmarine.it\/?page_id=1289"},"modified":"2022-07-28T13:59:22","modified_gmt":"2022-07-28T11:59:22","slug":"a-propos-de-nous","status":"publish","type":"page","link":"https:\/\/www.stemmarine.it\/fr\/a-propos-de-nous\/","title":{"rendered":"A Propos de Nous"},"content":{"rendered":"<h1>Trente ann\u00e9es d&rsquo;exp\u00e9rience au service des professionnels<\/h1>\n<p style=\"font-size: 22px; line-height: 28px; letter-spacing: 4px;\">Nous <b>concevons<\/b> et <b>fabriquons<\/b>chaque bateau en offrant notre support pour \u00e9valuer vos exigences afin de r\u00e9aliser un produit sur mesure.<\/p>\n<p>STEM Marine nait lors que Ezio Menna, fondateur et PDG de l&rsquo;entreprise, voit dans l&rsquo;application de certaines technologies et instruments de travail traditionnels un grand potentiel d&#8217;emploi en milieu nautique.<\/p>\n<p>Bas\u00e9e en province de Parme et avec un plan d&rsquo;eau d&rsquo;un km pour effectuer les essais, STEM Marine s&rsquo;affirme soudainement \u00e0 niveau international autant qu&rsquo;entreprise sp\u00e9cialis\u00e9e dans la fabrication d&rsquo;<b>embarcations de travail pour la surveillance, le secours et la lutte contre les incendies<\/b>, pouvant \u00eatre con\u00e7ues pour toute exigence sp\u00e9cifique.<\/p>\n<p>Nous investissons dans la <b>recherche, l&rsquo;innovation, le d\u00e9veloppement sp\u00e9cialis\u00e9 et de haute qualit\u00e9<\/b>.<br \/>\nA tous nos clients nous garantissons des produits avec une technologie \u00e0 l&rsquo;avant-garde et solutions personnalis\u00e9es pour tout domaine d&rsquo;utilisation.<br \/>\nGr\u00e2ce \u00e0 nos nombreuses solutions brevet\u00e9es nous donnons la forme exclusive \u00e0 vos n\u00e9cessit\u00e9s.<\/p>\n<p>L&rsquo;entreprise est certifi\u00e9e ISO 9001-2018.<\/p>\n<p><img decoding=\"async\" src=\"https:\/\/www.stemmarine.it\/wp-content\/uploads\/2018\/07\/stemmarine-team.jpg\" alt=\"stemmarine-team\"><\/p>\n<p><img decoding=\"async\" src=\"https:\/\/www.stemmarine.it\/wp-content\/uploads\/2018\/07\/stemmarine-panoramica-aerea.jpg\" alt=\"stemmarine-panoramica-aerea\"><\/p>\n<p><img decoding=\"async\" src=\"https:\/\/www.stemmarine.it\/wp-content\/uploads\/2018\/08\/stemmarine-capannone.jpg\" alt=\"stemmarine-capannone\"><\/p>\n","protected":false},"excerpt":{"rendered":"<p>Trente ann\u00e9es d&rsquo;exp\u00e9rience au service des professionnels Nous concevons et fabriquonschaque bateau en offrant notre support pour \u00e9valuer vos exigences afin de r\u00e9aliser un produit sur<span class=\"excerpt-hellip\"> [\u2026]<\/span><\/p>\n","protected":false},"author":17,"featured_media":0,"parent":0,"menu_order":0,"comment_status":"closed","ping_status":"closed","template":"","meta":{"_monsterinsights_skip_tracking":false,"_monsterinsights_sitenote_active":false,"_monsterinsights_sitenote_note":"","_monsterinsights_sitenote_category":0,"footnotes":""},"class_list":["post-1289","page","type-page","status-publish","hentry"],"_links":{"self":[{"href":"https:\/\/www.stemmarine.it\/fr\/wp-json\/wp\/v2\/pages\/1289","targetHints":{"allow":["GET"]}}],"collection":[{"href":"https:\/\/www.stemmarine.it\/fr\/wp-json\/wp\/v2\/pages"}],"about":[{"href":"https:\/\/www.stemmarine.it\/fr\/wp-json\/wp\/v2\/types\/page"}],"author":[{"embeddable":true,"href":"https:\/\/www.stemmarine.it\/fr\/wp-json\/wp\/v2\/users\/17"}],"replies":[{"embeddable":true,"href":"https:\/\/www.stemmarine.it\/fr\/wp-json\/wp\/v2\/comments?post=1289"}],"version-history":[{"count":4,"href":"https:\/\/www.stemmarine.it\/fr\/wp-json\/wp\/v2\/pages\/1289\/revisions"}],"predecessor-version":[{"id":2763,"href":"https:\/\/www.stemmarine.it\/fr\/wp-json\/wp\/v2\/pages\/1289\/revisions\/2763"}],"wp:attachment":[{"href":"https:\/\/www.stemmarine.it\/fr\/wp-json\/wp\/v2\/media?parent=1289"}],"curies":[{"name":"wp","href":"https:\/\/api.w.org\/{rel}","templated":true}]}}