{"id":1297,"date":"2018-11-14T10:44:47","date_gmt":"2018-11-14T09:44:47","guid":{"rendered":"https:\/\/www.stemmarine.it\/?page_id=1297"},"modified":"2022-07-28T14:18:23","modified_gmt":"2022-07-28T12:18:23","slug":"services-apres-vente","status":"publish","type":"page","link":"https:\/\/www.stemmarine.it\/fr\/services-apres-vente\/","title":{"rendered":"Services Apr\u00e8s-Vente"},"content":{"rendered":"<h1>Nos Services Apr\u00e8s-Vente<\/h1>\n<h2 style=\"font-size: 22px; line-height: 28px; letter-spacing: 4px;\">Nous <b>Formations<\/b><\/h2>\n<p>Au moment de la livraison du bateau, un de nos experts effectuera une formation concernant l&rsquo;utilisation et l&rsquo;entretien. Parmi les principales proc\u00e9dures objet de la formation:<\/p>\n<ul class=\"list_check\">\n<li>Mise en route et pilotage de l&#8217;embarcation (syst\u00e8me de propulsion, circuit \u00e9lectrique, syst\u00e8mes de s\u00e9curit\u00e9 \u00e0 bord, instruments de bord, etc.)<\/li>\n<li>Amarrage et d\u00e9samarrage<\/li>\n<li>D\u00e9part et arr\u00eat imm\u00e9diats, vir\u00e9e rapide et proc\u00e9dures d&rsquo;urgence.<\/li>\n<li>Man\u0153uvres en milieux confin\u00e9s<\/li>\n<li>Navigation nocturne<\/li>\n<li>Utilisation des \u00e9quipements sp\u00e9ciaux, syst\u00e8me anti-incendie etc.<\/li>\n<\/ul>\n<p><img decoding=\"async\" src=\"https:\/\/www.stemmarine.it\/wp-content\/uploads\/2018\/11\/corsi-stemmarine.jpg\" alt=\"I corsi di Stem Marine\"><\/p>\n<h2 style=\"font-size: 22px; line-height: 28px; letter-spacing: 4px;\"><b>Service Clients<\/b><\/h2>\n<p>Notre r\u00e9seau SAV offre:<\/p>\n<p><img decoding=\"async\" src=\"https:\/\/www.stemmarine.it\/wp-content\/uploads\/2018\/11\/assistenza-clienti-stemmarine.jpg\" alt=\"Assistenza Clienti di Stem Marine\"><\/p>\n<ul class=\"list_check\">\n<li>R\u00e9parations en garantie<\/li>\n<li>Support technique pour l&rsquo;entretien et r\u00e9parations des avaries<\/li>\n<li>R\u00e9parations et r\u00e9novation des mat\u00e9riaux<\/li>\n<li>R\u00e9am\u00e9nagements<\/li>\n<\/ul>\n","protected":false},"excerpt":{"rendered":"<p>Nos Services Apr\u00e8s-Vente Nous Formations Au moment de la livraison du bateau, un de nos experts effectuera une formation concernant l&rsquo;utilisation et l&rsquo;entretien. Parmi les principales<span class=\"excerpt-hellip\"> [\u2026]<\/span><\/p>\n","protected":false},"author":17,"featured_media":0,"parent":0,"menu_order":0,"comment_status":"closed","ping_status":"closed","template":"","meta":{"_monsterinsights_skip_tracking":false,"_monsterinsights_sitenote_active":false,"_monsterinsights_sitenote_note":"","_monsterinsights_sitenote_category":0,"footnotes":""},"class_list":["post-1297","page","type-page","status-publish","hentry"],"_links":{"self":[{"href":"https:\/\/www.stemmarine.it\/fr\/wp-json\/wp\/v2\/pages\/1297","targetHints":{"allow":["GET"]}}],"collection":[{"href":"https:\/\/www.stemmarine.it\/fr\/wp-json\/wp\/v2\/pages"}],"about":[{"href":"https:\/\/www.stemmarine.it\/fr\/wp-json\/wp\/v2\/types\/page"}],"author":[{"embeddable":true,"href":"https:\/\/www.stemmarine.it\/fr\/wp-json\/wp\/v2\/users\/17"}],"replies":[{"embeddable":true,"href":"https:\/\/www.stemmarine.it\/fr\/wp-json\/wp\/v2\/comments?post=1297"}],"version-history":[{"count":4,"href":"https:\/\/www.stemmarine.it\/fr\/wp-json\/wp\/v2\/pages\/1297\/revisions"}],"predecessor-version":[{"id":2754,"href":"https:\/\/www.stemmarine.it\/fr\/wp-json\/wp\/v2\/pages\/1297\/revisions\/2754"}],"wp:attachment":[{"href":"https:\/\/www.stemmarine.it\/fr\/wp-json\/wp\/v2\/media?parent=1297"}],"curies":[{"name":"wp","href":"https:\/\/api.w.org\/{rel}","templated":true}]}}