{"id":1300,"date":"2018-11-14T10:48:53","date_gmt":"2018-11-14T09:48:53","guid":{"rendered":"https:\/\/www.stemmarine.it\/?page_id=1300"},"modified":"2025-07-07T16:58:57","modified_gmt":"2025-07-07T14:58:57","slug":"home","status":"publish","type":"page","link":"https:\/\/www.stemmarine.it\/fr\/","title":{"rendered":"Home"},"content":{"rendered":"<h2>La s\u00e9curit\u00e9 en mer pendant trente ans.<\/h2>\n<h3>SAVOIR-FAIRE<\/h3>\n<p style=\"font-size: 18px; line-height: 25px;\">Trente ann\u00e9es d&rsquo;exp\u00e9rience dans la conception et fabrication de bateaux et de solutions technologiques pour applications nautiques<\/p>\n<h3 style=\"color: white;\">ITALIAN DESIGN<\/h3>\n<p style=\"font-size: 18px; line-height: 25px; color: white;\">Design fonctionnel 100% MADE IN ITALY. Fonctionnalit\u00e9 et hautes prestations, soin des d\u00e9tails de fond et d&rsquo;esth\u00e9tique, sont des \u00e9l\u00e9ments qui rendent uniques nos embarcations<\/p>\n<h2>NOS BATEAUX AVANT-GARDE ET TRADITION<\/h2>\n<p>Nos succ\u00e8s sont le r\u00e9sultat d&rsquo;une recherche continue de technologie et attention \u00e0 l&rsquo;\u00e9volution des n\u00e9cessit\u00e9s du client<\/p>\n<p><a href=\"https:\/\/www.stemmarine.it\/fr\/bateaux-haute-performance\/\">BATEAUX<\/a><\/p>\n<p><img decoding=\"async\" src=\"https:\/\/www.stemmarine.it\/wp-content\/uploads\/2018\/11\/prova-concordia.jpg\" alt=\"prova-concordia\"><\/p>\n<h2>MISSION<\/h2>\n<p>A l\u2019\u00e9coute de vos exigences pour les concr\u00e9tiser.<\/p>\n<h2 style=\"text-transform: uppercase;\">les meilleures technologies<\/h2>\n<p><img decoding=\"async\" src=\"https:\/\/www.stemmarine.it\/wp-content\/uploads\/2018\/06\/tecnofloat.png\" alt=\"Tecnofloat\u00ae\"><br \/>\n<a href=\"https:\/\/www.stemmarine.it\/fr\/systeme-modulaire-plateformes-tecnofloat\/\">Tecnofloat\u00ae<\/a><\/p>\n<p><img decoding=\"async\" src=\"https:\/\/www.stemmarine.it\/wp-content\/uploads\/2018\/06\/tubolari.png\" alt=\"tubolari a D\"><br \/>\n<a href=\"https:\/\/www.stemmarine.it\/fr\/flotteurs\/\">Flotteurs<\/a><\/p>\n<p><img decoding=\"async\" src=\"https:\/\/www.stemmarine.it\/wp-content\/uploads\/2018\/07\/impiantistica.png\" alt=\"Impiantistica\"><br \/>\n<a href=\"https:\/\/www.stemmarine.it\/fr\/construction-d-installations\/\">Construction d&rsquo;Installations<\/a><\/p>\n<p><img decoding=\"async\" src=\"https:\/\/www.stemmarine.it\/wp-content\/uploads\/2018\/07\/struttura-vtr-ai.png\" alt=\"Struttura VTR\/ AI\"><br \/>\n<a href=\"https:\/\/www.stemmarine.it\/fr\/structure-vtr-al\/\">Structure VTR et Al<\/a><\/p>\n<p><img decoding=\"async\" src=\"https:\/\/www.stemmarine.it\/wp-content\/uploads\/2018\/06\/primo-soccorso.png\" alt=\"rescue kit\"><br \/>\n<a href=\"https:\/\/www.stemmarine.it\/fr\/dispositifs-medicaux-secours\/\">Dispositif Medicaux &amp; de Secours<\/a><\/p>\n<p><img decoding=\"async\" src=\"https:\/\/www.stemmarine.it\/wp-content\/uploads\/2018\/06\/console.png\" alt=\"console\"><br \/>\n<a href=\"https:\/\/www.stemmarine.it\/fr\/caracteristiques-technologiques-principales-et-en-option\/\">Caract\u00e9ristiques Principales &amp; en Option<\/a><\/p>\n<p><img decoding=\"async\" src=\"https:\/\/www.stemmarine.it\/wp-content\/uploads\/2018\/07\/fire-rescue-equipment.png\" alt=\"fire-rescue-equipment\"><br \/>\n<a href=\"https:\/\/www.stemmarine.it\/fire-equipment\/\">Fire Rescue Equipment<\/a><\/p>\n<p><img decoding=\"async\" src=\"https:\/\/www.stemmarine.it\/wp-content\/uploads\/2018\/07\/motorizzazioni-propulsioni.png\" alt=\"motorizzazioni-propulsioni\"><br \/>\n<a href=\"https:\/\/www.stemmarine.it\/fr\/motorisation-bateaux\/\">motorisation<\/a><\/p>\n<p><b>Nous avons tous des id\u00e9es innovantes, mais la constance et l&rsquo;engagement pour les mettre en \u0153uvre sont les vertus de ceux qui y croient vraiment.<\/b><br \/>\n&#8211; Ezio Menna<\/p>\n<p><img decoding=\"async\" src=\"https:\/\/www.stemmarine.it\/wp-content\/uploads\/2018\/11\/ezio-menna.jpg\" alt=\"Ezio Menna, fondatore di Stem Marine\"><\/p>\n<p><a href=\"https:\/\/www.stemmarine.it\/fr\/a-propos-de-nous\/\">EN SAVOIR PLUS SUR STEM<\/a><\/p>\n","protected":false},"excerpt":{"rendered":"<p>La s\u00e9curit\u00e9 en mer pendant trente ans. SAVOIR-FAIRE Trente ann\u00e9es d&rsquo;exp\u00e9rience dans la conception et fabrication de bateaux et de solutions technologiques pour applications nautiques ITALIAN<span class=\"excerpt-hellip\"> [\u2026]<\/span><\/p>\n","protected":false},"author":17,"featured_media":0,"parent":0,"menu_order":0,"comment_status":"closed","ping_status":"closed","template":"","meta":{"_monsterinsights_skip_tracking":false,"_monsterinsights_sitenote_active":false,"_monsterinsights_sitenote_note":"","_monsterinsights_sitenote_category":0,"footnotes":""},"class_list":["post-1300","page","type-page","status-publish","hentry"],"_links":{"self":[{"href":"https:\/\/www.stemmarine.it\/fr\/wp-json\/wp\/v2\/pages\/1300","targetHints":{"allow":["GET"]}}],"collection":[{"href":"https:\/\/www.stemmarine.it\/fr\/wp-json\/wp\/v2\/pages"}],"about":[{"href":"https:\/\/www.stemmarine.it\/fr\/wp-json\/wp\/v2\/types\/page"}],"author":[{"embeddable":true,"href":"https:\/\/www.stemmarine.it\/fr\/wp-json\/wp\/v2\/users\/17"}],"replies":[{"embeddable":true,"href":"https:\/\/www.stemmarine.it\/fr\/wp-json\/wp\/v2\/comments?post=1300"}],"version-history":[{"count":8,"href":"https:\/\/www.stemmarine.it\/fr\/wp-json\/wp\/v2\/pages\/1300\/revisions"}],"predecessor-version":[{"id":2778,"href":"https:\/\/www.stemmarine.it\/fr\/wp-json\/wp\/v2\/pages\/1300\/revisions\/2778"}],"wp:attachment":[{"href":"https:\/\/www.stemmarine.it\/fr\/wp-json\/wp\/v2\/media?parent=1300"}],"curies":[{"name":"wp","href":"https:\/\/api.w.org\/{rel}","templated":true}]}}