{"id":1324,"date":"2018-11-19T11:10:58","date_gmt":"2018-11-19T10:10:58","guid":{"rendered":"https:\/\/www.stemmarine.it\/?page_id=1324"},"modified":"2023-11-15T14:18:10","modified_gmt":"2023-11-15T13:18:10","slug":"caracteristiques-technologiques-principales-et-en-option","status":"publish","type":"page","link":"https:\/\/www.stemmarine.it\/fr\/caracteristiques-technologiques-principales-et-en-option\/","title":{"rendered":"Caract\u00e9ristiques principales et en option"},"content":{"rendered":"<h1>Les Caract\u00e9ristiques Principales et en Option des les Bateaux de Stem Marine<\/h1>\n<p>Grande importance est donn\u00e9e \u00e0 toute la partie circuits des bateaux Stem Marine.<br \/>\nCircuit \u00e9lectriques, carburants, services, sans oublier les installations des moteurs et des \u00e9quipements r\u00e9alis\u00e9es avec des <b>mat\u00e9riaux de haute qualit\u00e9<\/b>, con\u00e7us pour une utilisation professionnelle et soumis \u00e0 de nombreuses v\u00e9rifications.<br \/>\nLes bateaux Stem Marine peuvent \u00eatre fournis avec <b>marquage CE<\/b> ou bien en <b>classe comme embarcations de travail<\/b>, selon les besoins du client<\/p>\n<p>SIEGES<\/p>\n<p><img decoding=\"async\" src=\"https:\/\/www.stemmarine.it\/wp-content\/uploads\/2018\/11\/sedute.jpg\" alt=\"Caratteristiche Principali - Sedute\"><\/p>\n<p>Ergonomiques et r\u00e9alis\u00e9 en fonction de l&rsquo;utilisation pr\u00e9vue avec des mat\u00e9riaux r\u00e9sistants \u00e0 la corrosion, fix ou amortis pour les utilisations les plus sollicit\u00e9es par les utilisateurs professionnels<\/p>\n<p>CABINES<\/p>\n<p><img decoding=\"async\" src=\"https:\/\/www.stemmarine.it\/wp-content\/uploads\/2018\/11\/cabina1.jpg\" alt=\"Caratteristiche Principali - Cabina\"><\/p>\n<p>En composite de haute r\u00e9sistance avec design et volumes con\u00e7us pour assurer une meilleure efficacit\u00e9 a\u00e9rodynamique, visibilit\u00e9 de man\u0153uvre et optimisation des espaces int\u00e9rieurs en fonction des exigences d&rsquo;utilisation. Possibilit\u00e9 d\u2019installer un local WC, frigidaire, petite cuisine, microondes et couchettes<\/p>\n<p>CONSOLLE<\/p>\n<p><img decoding=\"async\" src=\"https:\/\/www.stemmarine.it\/wp-content\/uploads\/2018\/11\/consolle.jpg\" alt=\"Caratteristiche principali e optional - Consolle\"><\/p>\n<p>Sp\u00e9cifiquement \u00e9tudi\u00e9es pour une utilisation professionnelle, leurs dimensions permettent d&rsquo;installer les \u00e9quipements de bord en garantissant accessibilit\u00e9 aux informations, confort m\u00eame en cas de longs services de garde aussi bien de nuit que de jour<\/p>\n<p>T-TOP<\/p>\n<p><img decoding=\"async\" src=\"https:\/\/www.stemmarine.it\/wp-content\/uploads\/2018\/11\/t-top.jpg\" alt=\"Caratteristiche principali e optional - T-Top\"><\/p>\n<p>Les versions sans cabine sont \u00e9quip\u00e9es avec des robustes structures en acier inox 316 pour la protection de la console de pilotage. La structure, avec fonction de main-courante, re\u00e7oit les antennes des \u00e9quipements de communication et les feux de navigation. Le toit, en VTR ou en tissu, prot\u00e8ge le pilote et le co-pilote<\/p>\n<p>LE PLANCHERS<\/p>\n<p><img decoding=\"async\" src=\"https:\/\/www.stemmarine.it\/wp-content\/uploads\/2018\/11\/piani-calpestio.jpg\" alt=\"Caratteristiche principali e optional - Piani di Calpestio\"><\/p>\n<p>Les ponts de tous les bateaux STEM MARINE sont de type auto-videur et les planchers sont rev\u00eatus de mat\u00e9riaux anti-d\u00e9rapants avec haut coefficient d&rsquo;adh\u00e9rence (grip), r\u00e9sistant aux UV, \u00e0 l&rsquo;environnement marin et aux hydrocarbures<\/p>\n<p>ROLL BAR<\/p>\n<p><img decoding=\"async\" src=\"https:\/\/www.stemmarine.it\/wp-content\/uploads\/2018\/11\/roll-bar.jpg\" alt=\"Caratteristiche Principali - Roll Bar\"><\/p>\n<p>Positionn\u00e9s \u00e0 poupe et r\u00e9alis\u00e9s en acier inox, solides et fonctionnels, peuvent \u00eatre utilis\u00e9s pour l&rsquo;installation des antennes, dispositifs de signalisation et \u00e9ventuellement d&rsquo;un syst\u00e8me d&rsquo;auto-redressement. Sur demande il est possible fournir des versions rabattables<\/p>\n<p>MAIN-COURANTE EN ACIER<\/p>\n<p><img decoding=\"async\" src=\"https:\/\/www.stemmarine.it\/wp-content\/uploads\/2018\/11\/corrimano-acciaio.jpg\" alt=\"Caratteristiche Principali - Corrimano in acciaio\"><\/p>\n<p>En acier inox, pr\u00e9sentes sur tout le p\u00e9rim\u00e8tre, solidement fix\u00e9es \u00e0 la coque \u00e0 l&rsquo;aide de plaques de renfort, \u00e9tudi\u00e9es pour un simple remplacement. Assurent une protection de l&rsquo;\u00e9quipage de minimum 70 cm sur les diff\u00e9rents emplacements de travail<\/p>\n<p><a href=\"https:\/\/www.stemmarine.it\/fr\/contacts\/\">Demander des informations sur nos technologies<\/a><\/p>\n","protected":false},"excerpt":{"rendered":"<p>Les Caract\u00e9ristiques Principales et en Option des les Bateaux de Stem Marine Grande importance est donn\u00e9e \u00e0 toute la partie circuits des bateaux Stem Marine. Circuit<span class=\"excerpt-hellip\"> [\u2026]<\/span><\/p>\n","protected":false},"author":17,"featured_media":0,"parent":0,"menu_order":0,"comment_status":"closed","ping_status":"closed","template":"","meta":{"_monsterinsights_skip_tracking":false,"_monsterinsights_sitenote_active":false,"_monsterinsights_sitenote_note":"","_monsterinsights_sitenote_category":0,"footnotes":""},"class_list":["post-1324","page","type-page","status-publish","hentry"],"_links":{"self":[{"href":"https:\/\/www.stemmarine.it\/fr\/wp-json\/wp\/v2\/pages\/1324","targetHints":{"allow":["GET"]}}],"collection":[{"href":"https:\/\/www.stemmarine.it\/fr\/wp-json\/wp\/v2\/pages"}],"about":[{"href":"https:\/\/www.stemmarine.it\/fr\/wp-json\/wp\/v2\/types\/page"}],"author":[{"embeddable":true,"href":"https:\/\/www.stemmarine.it\/fr\/wp-json\/wp\/v2\/users\/17"}],"replies":[{"embeddable":true,"href":"https:\/\/www.stemmarine.it\/fr\/wp-json\/wp\/v2\/comments?post=1324"}],"version-history":[{"count":5,"href":"https:\/\/www.stemmarine.it\/fr\/wp-json\/wp\/v2\/pages\/1324\/revisions"}],"predecessor-version":[{"id":2744,"href":"https:\/\/www.stemmarine.it\/fr\/wp-json\/wp\/v2\/pages\/1324\/revisions\/2744"}],"wp:attachment":[{"href":"https:\/\/www.stemmarine.it\/fr\/wp-json\/wp\/v2\/media?parent=1324"}],"curies":[{"name":"wp","href":"https:\/\/api.w.org\/{rel}","templated":true}]}}