{"id":1439,"date":"2018-11-27T10:48:38","date_gmt":"2018-11-27T09:48:38","guid":{"rendered":"https:\/\/www.stemmarine.it\/?page_id=1439"},"modified":"2023-11-15T14:13:37","modified_gmt":"2023-11-15T13:13:37","slug":"construction-d-installations","status":"publish","type":"page","link":"https:\/\/www.stemmarine.it\/fr\/construction-d-installations\/","title":{"rendered":"Construction d&rsquo;Installations"},"content":{"rendered":"<h1>Construction d&rsquo;Installations des bateaux de Stem Marine<\/h1>\n<p>La construction d&rsquo;installations des embarcations Stem Marine recouvre une importance fondamentale.<br \/>\nL&rsquo;installation et le choix des composants sont toujours vis\u00e9s \u00e0 garantir, \u00e0 tous nos clients professionnels, la fiabilit\u00e9 maximale pour une utilisation intensive. Les mat\u00e9riaux de haute qualit\u00e9 et les processus m\u00eames font l&rsquo;objet de contr\u00f4les rigoureux et de test en conditions extr\u00eames<\/p>\n<p>INSTALLATIONS ELECTRIQUES<\/p>\n<p><img decoding=\"async\" src=\"https:\/\/www.stemmarine.it\/wp-content\/uploads\/2018\/11\/impianto-elettrico.jpg\" alt=\"Impiantistica - Impianto Elettrico\"><\/p>\n<p>Surdimensionn\u00e9 et redondant pour r\u00e9duire les dispersions et augmenter la dur\u00e9e de vie des composants, surtout des batteries et des \u00e9l\u00e9ments \u00e9lectroniques. Les c\u00e2bles sont c\u00e2bl\u00e9s en trois phases pour une transmission de l&rsquo;\u00e9nergie plus efficace et protection contre la corrosion<\/p>\n<p>INSTALLATIONS TECHNIQUES<\/p>\n<p><img decoding=\"async\" src=\"https:\/\/www.stemmarine.it\/wp-content\/uploads\/2018\/11\/impiantistica-generale.jpg\" alt=\"Impiantistica - Impiantistica Generale\"><\/p>\n<p>Fond de cale, carburant et anti-incendie de bord sont r\u00e9alis\u00e9s minutieusement dans les moindres d\u00e9tails. Les mat\u00e9riaux utilis\u00e9s sont pour une utilisation nautique et assurent efficacit\u00e9 et fiabilit\u00e9 m\u00eame en cas de pannes. Les installations anti-incendie utilisent des mat\u00e9riaux \u00e9cologiques ou \u00e0 faible impact environnemental et syst\u00e8me de d\u00e9clanchement automatique et manuel<\/p>\n<p>CLIMATISATION<\/p>\n<p><img decoding=\"async\" src=\"https:\/\/www.stemmarine.it\/wp-content\/uploads\/2018\/11\/condizionamento.jpg\" alt=\"Impiantistica - Sistema di Condizionamento\"><\/p>\n<p>Pour les embarcations \u00e9quip\u00e9es de cabine sont disponibles plusieurs syst\u00e8mes de climatisation. En fonction des conditions climatiques d&rsquo;utilisation et du type d&#8217;embarcation, nous garantissons en cabine les temp\u00e9ratures demand\u00e9es, en partant des environnements les plus humides et chauds \u00e0 ceux les plus froids<\/p>\n<p><a href=\"https:\/\/www.stemmarine.it\/fr\/contacts\/\">DEMANDER DES INFORMATIONS SUR NOS TECHNOLOGIES<\/a><\/p>\n","protected":false},"excerpt":{"rendered":"<p>Construction d&rsquo;Installations des bateaux de Stem Marine La construction d&rsquo;installations des embarcations Stem Marine recouvre une importance fondamentale. L&rsquo;installation et le choix des composants sont toujours<span class=\"excerpt-hellip\"> [\u2026]<\/span><\/p>\n","protected":false},"author":17,"featured_media":0,"parent":0,"menu_order":0,"comment_status":"closed","ping_status":"closed","template":"","meta":{"_monsterinsights_skip_tracking":false,"_monsterinsights_sitenote_active":false,"_monsterinsights_sitenote_note":"","_monsterinsights_sitenote_category":0,"footnotes":""},"class_list":["post-1439","page","type-page","status-publish","hentry"],"_links":{"self":[{"href":"https:\/\/www.stemmarine.it\/fr\/wp-json\/wp\/v2\/pages\/1439","targetHints":{"allow":["GET"]}}],"collection":[{"href":"https:\/\/www.stemmarine.it\/fr\/wp-json\/wp\/v2\/pages"}],"about":[{"href":"https:\/\/www.stemmarine.it\/fr\/wp-json\/wp\/v2\/types\/page"}],"author":[{"embeddable":true,"href":"https:\/\/www.stemmarine.it\/fr\/wp-json\/wp\/v2\/users\/17"}],"replies":[{"embeddable":true,"href":"https:\/\/www.stemmarine.it\/fr\/wp-json\/wp\/v2\/comments?post=1439"}],"version-history":[{"count":4,"href":"https:\/\/www.stemmarine.it\/fr\/wp-json\/wp\/v2\/pages\/1439\/revisions"}],"predecessor-version":[{"id":2730,"href":"https:\/\/www.stemmarine.it\/fr\/wp-json\/wp\/v2\/pages\/1439\/revisions\/2730"}],"wp:attachment":[{"href":"https:\/\/www.stemmarine.it\/fr\/wp-json\/wp\/v2\/media?parent=1439"}],"curies":[{"name":"wp","href":"https:\/\/api.w.org\/{rel}","templated":true}]}}