{"id":1446,"date":"2018-11-27T11:34:43","date_gmt":"2018-11-27T10:34:43","guid":{"rendered":"https:\/\/www.stemmarine.it\/?page_id=1446"},"modified":"2023-11-15T14:15:21","modified_gmt":"2023-11-15T13:15:21","slug":"dispositifs-medicaux-secours","status":"publish","type":"page","link":"https:\/\/www.stemmarine.it\/fr\/dispositifs-medicaux-secours\/","title":{"rendered":"Dispositifs  M\u00e9dicaux et de Secours"},"content":{"rendered":"<h1>Dispositif Medicaux et de Secours<\/h1>\n<p>Forte d&rsquo;une exp\u00e9rience de plus de trente ann\u00e9es dans le milieu du transport d&rsquo;urgence terrestre, Stem est le fournisseur id\u00e9al de solutions \u00e0 haut contenu technique et d&rsquo;innovation.<br \/>\nLes bateaux Stem sont d\u00e9di\u00e9s aux professionnels du secours et de l&rsquo;anti-incendie, les \u00e9quipements disponibles sont adapt\u00e9s \u00e0 tout type de mission et personnalisables selon les besoins.<br \/>\nLes solutions utilis\u00e9es sont souvent \u00e9tudi\u00e9es avec le client pour rendre les missions de sauvetage et d&rsquo;intervention rapides, s\u00fbres et efficaces.<\/p>\n<p>RESCUE KIT<\/p>\n<p><img decoding=\"async\" src=\"https:\/\/www.stemmarine.it\/wp-content\/uploads\/2018\/11\/rescue-kit.jpg\" alt=\"Rescue &amp; Medical Equipment - Rescue Kit\"><\/p>\n<p>Pour r\u00e9cup\u00e9rer la victime nous proposons diff\u00e9rentes solutions selon le type d&#8217;embarcation et les caract\u00e9ristiques demand\u00e9es. A l&rsquo;aide d&rsquo;une tablette renforc\u00e9e et rabattable ou d&rsquo;une rampe en acier il est possible de charger sur le bateau une barquette de sauvetage ou encore du mat\u00e9riel flottant sans aucun syst\u00e8me de soul\u00e8vement auxiliaire. Il est \u00e9galement possible d&rsquo;installer des grues d\u00e9di\u00e9es pour accomplir ce type d&rsquo;op\u00e9rations<\/p>\n<p>LOGEMENTS POUR BARQUETTE DE SAUVETAGE<\/p>\n<p><img decoding=\"async\" src=\"https:\/\/www.stemmarine.it\/wp-content\/uploads\/2018\/11\/barella-basket.jpg\" alt=\"Rescue &amp; Medical Equipment - Spazio Barella Basket\"><\/p>\n<p>Logement d\u00e9di\u00e9 pour soigner le patient d\u00e8s qu&rsquo;il a \u00e9t\u00e9 r\u00e9cup\u00e9r\u00e9. Le syst\u00e8me pour fixer la barquette de sauvetage est int\u00e9gr\u00e9 dans la structure et l&rsquo;acc\u00e8s \u00e0 la zone patient rendent possibles toutes les op\u00e9rations de secours, y compris la r\u00e9animation<\/p>\n<p>SYSTEMES D&rsquo;ANCRAGE POUR LES DISPOSITIFS MEDICAUX<\/p>\n<p><img decoding=\"async\" src=\"https:\/\/www.stemmarine.it\/wp-content\/uploads\/2021\/11\/RescueMedical-Equipment-.jpg\" alt=\"\"><\/p>\n<p>Nos embarcations sont compatibles avec les syst\u00e8mes d&rsquo;ancrage modulaires disponibles en commerce pour le transport m\u00e9dicalis\u00e9 terrestre, comme par exemple les rampes sp\u00e9ciales et les syst\u00e8mes d&rsquo;attache rapides universels<\/p>\n<p>MAST15<\/p>\n<p><img decoding=\"async\" src=\"https:\/\/www.stemmarine.it\/wp-content\/uploads\/2018\/11\/mast15-1.jpg\" alt=\"MAST12 Patented\"><\/p>\n<p>Disponible pour des embarcations plus importantes, le support de brancard MAST15 est le joyau d&rsquo;un am\u00e9nagement m\u00e9dical Stem Marine. Con\u00e7u et r\u00e9alis\u00e9 par la division PROJECTS SPECIAUX STEM TECHNOLOGY est le r\u00e9sultat de plusieurs ann\u00e9es d&rsquo;exp\u00e9rience dans le domaine des transports m\u00e9dicalis\u00e9s. Equip\u00e9 d&rsquo;un syst\u00e8me de suspensions hydropneumatique \u00e0 r\u00e9glage automatique en fonction du poids du patient, ce dispositif r\u00e9duit les chocs d&rsquo;impact avec les ondes jusqu&rsquo;\u00e0 10g<\/p>\n<p><a class=\"bottone-tecnologie\" href=\"https:\/\/www.stemmarine.it\/fr\/bateaux\/bateau-ambulance-cabine-stem-12-ambulance\/\">Regarde le Mast15<\/a><\/p>\n<p><a href=\"https:\/\/www.stemmarine.it\/fr\/contacts\/\">DEMANDER DES INFORMATIONS SUR NOS TECHNOLOGIES<\/a><\/p>\n","protected":false},"excerpt":{"rendered":"<p>Dispositif Medicaux et de Secours Forte d&rsquo;une exp\u00e9rience de plus de trente ann\u00e9es dans le milieu du transport d&rsquo;urgence terrestre, Stem est le fournisseur id\u00e9al de<span class=\"excerpt-hellip\"> [\u2026]<\/span><\/p>\n","protected":false},"author":17,"featured_media":0,"parent":0,"menu_order":0,"comment_status":"closed","ping_status":"closed","template":"","meta":{"_monsterinsights_skip_tracking":false,"_monsterinsights_sitenote_active":false,"_monsterinsights_sitenote_note":"","_monsterinsights_sitenote_category":0,"footnotes":""},"class_list":["post-1446","page","type-page","status-publish","hentry"],"_links":{"self":[{"href":"https:\/\/www.stemmarine.it\/fr\/wp-json\/wp\/v2\/pages\/1446","targetHints":{"allow":["GET"]}}],"collection":[{"href":"https:\/\/www.stemmarine.it\/fr\/wp-json\/wp\/v2\/pages"}],"about":[{"href":"https:\/\/www.stemmarine.it\/fr\/wp-json\/wp\/v2\/types\/page"}],"author":[{"embeddable":true,"href":"https:\/\/www.stemmarine.it\/fr\/wp-json\/wp\/v2\/users\/17"}],"replies":[{"embeddable":true,"href":"https:\/\/www.stemmarine.it\/fr\/wp-json\/wp\/v2\/comments?post=1446"}],"version-history":[{"count":7,"href":"https:\/\/www.stemmarine.it\/fr\/wp-json\/wp\/v2\/pages\/1446\/revisions"}],"predecessor-version":[{"id":2733,"href":"https:\/\/www.stemmarine.it\/fr\/wp-json\/wp\/v2\/pages\/1446\/revisions\/2733"}],"wp:attachment":[{"href":"https:\/\/www.stemmarine.it\/fr\/wp-json\/wp\/v2\/media?parent=1446"}],"curies":[{"name":"wp","href":"https:\/\/api.w.org\/{rel}","templated":true}]}}