{"id":1451,"date":"2018-11-27T12:05:09","date_gmt":"2018-11-27T11:05:09","guid":{"rendered":"https:\/\/www.stemmarine.it\/?page_id=1451"},"modified":"2023-11-15T14:19:50","modified_gmt":"2023-11-15T13:19:50","slug":"flotteurs","status":"publish","type":"page","link":"https:\/\/www.stemmarine.it\/fr\/flotteurs\/","title":{"rendered":"Flotteurs"},"content":{"rendered":"<h1>Flotteurs<\/h1>\n<p>Les bateaux STEM disposent de plusieurs solutions pour ce qu&rsquo;il concerne les flotteurs.<br \/>\nChaque embarcation utilise une solution d\u00e9di\u00e9e et optimis\u00e9e selon l&rsquo;utilisation demand\u00e9e par le client; m\u00eame chose pour le choix des mat\u00e9riaux et des am\u00e9nagements qui est sp\u00e9cifique pour une utilisation en environnement marin, pour bateaux qui restent op\u00e9rationnels tout l&rsquo;ann\u00e9e et en n&rsquo;importe quelle condition climatique.<\/p>\n<h2>Flotteurs pneumatiques avec section en \u00ab\u00a0O\u00a0\u00bb<\/h2>\n<p><img decoding=\"async\" src=\"https:\/\/www.stemmarine.it\/wp-content\/uploads\/2018\/11\/tubolare-pneumatico-sezione-intera.jpg\" alt=\"Tubolare pneumatico sezione Intera\"><\/p>\n<p>Les flotteurs entiers offrent une excellente protection en cas de chocs et une remarquable r\u00e9serve de flottabilit\u00e9.<br \/>\nIls sont compartiment\u00e9s en plusieurs sections \u00e9tanches, \u00e9quip\u00e9es de vannes de gonflage en m\u00e9tal, valves de surpression et renforts de protection sur toute la longueur, poign\u00e9es et anneaux pour attacher les mat\u00e9riaux embarqu\u00e9s et pouvant ainsi \u00eatre utilis\u00e9s comme assises.<\/p>\n<h2>Demi-Flotteurs pneumatiques avec section en \u00ab\u00a0D\u00a0\u00bb<\/h2>\n<p><img decoding=\"async\" src=\"https:\/\/www.stemmarine.it\/wp-content\/uploads\/2018\/11\/tubolare-pneumatico-sezione-d.jpg\" alt=\"Tubolare pneumatico sezione D\"><\/p>\n<p>Id\u00e9als pour les bateaux de travail n\u00e9cessitant d&rsquo;une protection contre les chocs lat\u00e9raux mais qu&rsquo;ils n\u00e9cessitent en m\u00eame temps de surfaces de pont importantes pour garantir l&rsquo;op\u00e9rationnalit\u00e9 de l&rsquo;\u00e9quipage.<br \/>\nIls servent ainsi comme r\u00e9serve de flottabilit\u00e9.<\/p>\n<h2>Boudins mousse avec section en \u00ab\u00a0D\u00a0\u00bb<\/h2>\n<hr class=\"no_line\" style=\"margin: 0 auto 10px auto\"\/>\n\n<p><img decoding=\"async\" src=\"https:\/\/www.stemmarine.it\/wp-content\/uploads\/2018\/11\/tubolare-schiumato-sezione-d.jpg\" alt=\"Tubolare schiumato sezione D\"><\/p>\n<p>Ils repr\u00e9sentent la solution id\u00e9ale contre les chocs, larges espaces sur le pont, r\u00e9serve de flottabilit\u00e9 m\u00eame en cas d&rsquo;avarie et absence presque totale d&rsquo;entretien.<br \/>\nIls sont r\u00e9alis\u00e9s en mousse de poly\u00e9thyl\u00e8ne \u00e0 cellules ferm\u00e9es avec une protection \u00e0 haute r\u00e9sistance en polyur\u00e9thane.<br \/>\nCompl\u00e9tement \u00e9tanches, r\u00e9sistants aux UV et avec dimensions sur mesure selon les n\u00e9cessit\u00e9s.<\/p>\n<p><a href=\"https:\/\/www.stemmarine.it\/fr\/contacts\/\">DEMANDER DES INFORMATIONS SUR NOS TECHNOLOGIES<\/a><\/p>\n","protected":false},"excerpt":{"rendered":"<p>Flotteurs Les bateaux STEM disposent de plusieurs solutions pour ce qu&rsquo;il concerne les flotteurs. Chaque embarcation utilise une solution d\u00e9di\u00e9e et optimis\u00e9e selon l&rsquo;utilisation demand\u00e9e par<span class=\"excerpt-hellip\"> [\u2026]<\/span><\/p>\n","protected":false},"author":17,"featured_media":0,"parent":0,"menu_order":0,"comment_status":"closed","ping_status":"closed","template":"","meta":{"_monsterinsights_skip_tracking":false,"_monsterinsights_sitenote_active":false,"_monsterinsights_sitenote_note":"","_monsterinsights_sitenote_category":0,"footnotes":""},"class_list":["post-1451","page","type-page","status-publish","hentry"],"_links":{"self":[{"href":"https:\/\/www.stemmarine.it\/fr\/wp-json\/wp\/v2\/pages\/1451","targetHints":{"allow":["GET"]}}],"collection":[{"href":"https:\/\/www.stemmarine.it\/fr\/wp-json\/wp\/v2\/pages"}],"about":[{"href":"https:\/\/www.stemmarine.it\/fr\/wp-json\/wp\/v2\/types\/page"}],"author":[{"embeddable":true,"href":"https:\/\/www.stemmarine.it\/fr\/wp-json\/wp\/v2\/users\/17"}],"replies":[{"embeddable":true,"href":"https:\/\/www.stemmarine.it\/fr\/wp-json\/wp\/v2\/comments?post=1451"}],"version-history":[{"count":4,"href":"https:\/\/www.stemmarine.it\/fr\/wp-json\/wp\/v2\/pages\/1451\/revisions"}],"predecessor-version":[{"id":2750,"href":"https:\/\/www.stemmarine.it\/fr\/wp-json\/wp\/v2\/pages\/1451\/revisions\/2750"}],"wp:attachment":[{"href":"https:\/\/www.stemmarine.it\/fr\/wp-json\/wp\/v2\/media?parent=1451"}],"curies":[{"name":"wp","href":"https:\/\/api.w.org\/{rel}","templated":true}]}}