{"id":1497,"date":"2018-12-04T12:07:57","date_gmt":"2018-12-04T11:07:57","guid":{"rendered":"https:\/\/www.stemmarine.it\/?page_id=1497"},"modified":"2023-11-15T14:18:57","modified_gmt":"2023-11-15T13:18:57","slug":"systeme-modulaire-plateformes-tecnofloat","status":"publish","type":"page","link":"https:\/\/www.stemmarine.it\/fr\/systeme-modulaire-plateformes-tecnofloat\/","title":{"rendered":"Tecnofloat"},"content":{"rendered":"<p><img decoding=\"async\" class=\"scale-with-grid\" style=\"margin-bottom: 10px; max-height: 25px;\" src=\"https:\/\/www.stemmarine.it\/wp-content\/uploads\/2018\/12\/tecnofloat-logo-def.png\" alt=\"Tecnofloat logo\"><\/p>\n<h1>Tecnofloat. Syst\u00e8me modulaire pour plateformes flottantes motoris\u00e9es pour travail et secours<\/h1>\n<hr class=\"no_line\" style=\"margin: 0 auto 10px auto\"\/>\n\n<p style=\"font-size: 22px; line-height: 28px; letter-spacing: 4px;\">R\u00e9sistant, insubmersible, modulaire<\/p>\n<p style=\"font-weight: 500; font-size: 18px;\">Tecnofloat\u00ae est le projet de la division STEM MRINE d&rsquo;un syst\u00e8me innovant fait pour obtenir une quantit\u00e9 infinie de combinaisons variables qui permettent de r\u00e9aliser des syst\u00e8mes flottants aux caract\u00e9ristiques communes d&rsquo;importance consid\u00e9rable comme:<\/p>\n<p><img decoding=\"async\" src=\"https:\/\/www.stemmarine.it\/wp-content\/uploads\/2018\/12\/tecnofloat1.jpg\" alt=\"Tecnofloat\"><\/p>\n<ul class=\"list_check\">\n<li>Structure \u00e0 haute r\u00e9sistance<\/li>\n<li>Insubmersibilit\u00e9 due \u00e0 la s\u00e9paration compl\u00e8te des modules flottants<\/li>\n<li>Modularit\u00e9 de la structure avec des dimensions d\u00e9finies \u00e0 partir de mesures remorquables jusqu&rsquo;\u00e0 des syst\u00e8mes de grandes dimensions pour une utilisation du type laboratoires flottants dot\u00e9s de cabines pour l&rsquo;\u00e9quipage<\/li>\n<li>Modularit\u00e9 de la structure avec des dimensions d\u00e9finies \u00e0 partir de mesures remorquables jusqu&rsquo;\u00e0 des syst\u00e8mes de grandes dimensions pour une utilisation du type laboratoires flottants dot\u00e9s de cabines pour l&rsquo;\u00e9quipage<\/li>\n<\/ul>\n<p><img decoding=\"async\" src=\"https:\/\/www.stemmarine.it\/wp-content\/uploads\/2018\/12\/tecnofoloat2.jpg\" alt=\"Tecnofloat\"><\/p>\n<ul class=\"list_check\">\n<li>Le syst\u00e8me brevet\u00e9 Tecnofloat\u00ae construit en alliage \u00e0 haute r\u00e9sistance, permet d&rsquo;assembler les modules \u00e9tanches en garantissant la continuit\u00e9 de la structure. Le profil particulier des guides et la fixation des modules aux quatre coins, permettent, avec la simple utilisation de boulons, l&rsquo;ajout de trav\u00e9es de jonction des modules, des mains courantes et une zone de pi\u00e9tinement<\/li>\n<li>Les guides des profils Tecnofloat\u00ae sont pr\u00e9d\u00e9finis pour l&rsquo;insertion de profils en mat\u00e9riel plastique \u00e0 haute r\u00e9sistance, pour faciliter l&rsquo;\u00e9coulement des embarcations sur des surfaces abrasives sans provoquer l&rsquo;usure des \u00e9l\u00e9ments flottants<\/li>\n<li>Le profil Tecnofloat\u00ae permet de cr\u00e9er des bateaux aux dimensions, formes, tirant d&rsquo;eau et surface utile couverte, con\u00e7us pour une utilisation sp\u00e9cifique du client<\/li>\n<li>En ce qui concerne le grand \u00e9clectisme du syst\u00e8me Tecnofloat\u00ae il peut \u00eatre utilis\u00e9 aussi bien pour une version motoris\u00e9e que pour une utilisation en tant que plateforme flottante<\/li>\n<\/ul>\n<p><a href=\"https:\/\/www.stemmarine.it\/fr\/contacts\/\">DEMANDER DES INFORMATIONS SUR NOS TECHNOLOGIES<\/a><\/p>\n","protected":false},"excerpt":{"rendered":"<p>Tecnofloat. Syst\u00e8me modulaire pour plateformes flottantes motoris\u00e9es pour travail et secours R\u00e9sistant, insubmersible, modulaire Tecnofloat\u00ae est le projet de la division STEM MRINE d&rsquo;un syst\u00e8me innovant<span class=\"excerpt-hellip\"> [\u2026]<\/span><\/p>\n","protected":false},"author":17,"featured_media":0,"parent":0,"menu_order":0,"comment_status":"closed","ping_status":"closed","template":"","meta":{"_monsterinsights_skip_tracking":false,"_monsterinsights_sitenote_active":false,"_monsterinsights_sitenote_note":"","_monsterinsights_sitenote_category":0,"footnotes":""},"class_list":["post-1497","page","type-page","status-publish","hentry"],"_links":{"self":[{"href":"https:\/\/www.stemmarine.it\/fr\/wp-json\/wp\/v2\/pages\/1497","targetHints":{"allow":["GET"]}}],"collection":[{"href":"https:\/\/www.stemmarine.it\/fr\/wp-json\/wp\/v2\/pages"}],"about":[{"href":"https:\/\/www.stemmarine.it\/fr\/wp-json\/wp\/v2\/types\/page"}],"author":[{"embeddable":true,"href":"https:\/\/www.stemmarine.it\/fr\/wp-json\/wp\/v2\/users\/17"}],"replies":[{"embeddable":true,"href":"https:\/\/www.stemmarine.it\/fr\/wp-json\/wp\/v2\/comments?post=1497"}],"version-history":[{"count":5,"href":"https:\/\/www.stemmarine.it\/fr\/wp-json\/wp\/v2\/pages\/1497\/revisions"}],"predecessor-version":[{"id":2747,"href":"https:\/\/www.stemmarine.it\/fr\/wp-json\/wp\/v2\/pages\/1497\/revisions\/2747"}],"wp:attachment":[{"href":"https:\/\/www.stemmarine.it\/fr\/wp-json\/wp\/v2\/media?parent=1497"}],"curies":[{"name":"wp","href":"https:\/\/api.w.org\/{rel}","templated":true}]}}