{"id":1516,"date":"2018-12-04T13:41:21","date_gmt":"2018-12-04T12:41:21","guid":{"rendered":"https:\/\/www.stemmarine.it\/?page_id=1516"},"modified":"2023-11-15T14:12:55","modified_gmt":"2023-11-15T13:12:55","slug":"motorisation-bateaux","status":"publish","type":"page","link":"https:\/\/www.stemmarine.it\/fr\/motorisation-bateaux\/","title":{"rendered":"Motorisation"},"content":{"rendered":"<h1>Motorisation<\/h1>\n<p>Le choix du moteur et de la propulsion varie en fonction du type d&rsquo;utilisation au quel est destin\u00e9 le bateau.<br \/>\nLes moteurs homologu\u00e9s SOLAS peuvent \u00eatre install\u00e9s sur demande.<br \/>\nPour les embarcations de secours, Stem s&rsquo;est sp\u00e9cialis\u00e9 dans l&rsquo;installation de propulsion \u00e0 hydrojet.<br \/>\nD&rsquo;autre motorisations hors-bord ou in-bord avec embase peuvent \u00e9galement \u00eatre install\u00e9es en fonction des exigences de nos clients.<\/p>\n<h2 style=\"font-size: 22px; line-height: 28px; letter-spacing: 4px;\">WaterJet<\/h2>\n<p><img decoding=\"async\" src=\"https:\/\/www.stemmarine.it\/wp-content\/uploads\/2018\/11\/motorizzazione-jet2.jpg\" alt=\"Motorizzazioni - Motorizzazioni Jet\"><\/p>\n<p>Disponible \u00e0 partir d&rsquo;une embarcation de 7,5 m de longueur. Combin\u00e9e \u00e0 un moteur inbord diesel est la solution optimale pour qu&rsquo;ils interviennent pour r\u00e9cup\u00e9rer des personnes qui se trouvent \u00e0 l&rsquo;eau, avec de nombreux d\u00e9bris sur la surface de l&rsquo;eau ou encore sur les zones de faible profondeur en \u00e9liminant, \u00e0 diff\u00e9rence des versions \u00e0 h\u00e9lice, la possibilit\u00e9 d&rsquo;avaries suite \u00e0 un impact \u00e0 la propulsion. En autre permet une man\u0153uvrabilit\u00e9 exceptionnelle avec des acc\u00e9l\u00e9rations et arr\u00eats imm\u00e9diats en milieux confin\u00e9s et un contr\u00f4le remarquable de la direction lors que le bateau est \u00e0 l&rsquo;arr\u00eat, tr\u00e8s appr\u00e9ci\u00e9 sur les versions \u00e9quip\u00e9es d&rsquo;une pompe anti-incendie.<\/p>\n<p><img decoding=\"async\" src=\"https:\/\/www.stemmarine.it\/wp-content\/uploads\/2018\/11\/motorizzazione-jet1.jpg\" alt=\"Motorizzazioni - Motorizzazioni Jet\"><\/p>\n<p><img decoding=\"async\" src=\"https:\/\/www.stemmarine.it\/wp-content\/uploads\/2018\/11\/motorizzazione-jet4.jpg\" alt=\"Motorizzazioni - Motorizzazioni Jet\"><\/p>\n<p><img decoding=\"async\" src=\"https:\/\/www.stemmarine.it\/wp-content\/uploads\/2018\/11\/motorizzazione-jet3.jpg\" alt=\"Motorizzazioni - Motorizzazioni Jet\"><\/p>\n<h2 style=\"font-size: 22px; line-height: 28px; letter-spacing: 4px;\">Stern Drive<\/h2>\n<p>Disponible \u00e0 partir d&rsquo;une embarcation de 7,5 m de longueur. Est la solution inbord la plus versatile applicable sur toutes nos coques et disponible avec les meilleures marques les plus r\u00e9pandues sur le march\u00e9 avec h\u00e9lice simple ou double contrarotative.<\/p>\n<h2 style=\"font-size: 22px; line-height: 28px; letter-spacing: 4px;\">Ligne d&rsquo;arbre<\/h2>\n<p>Disponible \u00e0 partir d&rsquo;une embarcation de 10 m de longueur, est la solution inbord la plus \u00e9conomique qui garantit une grande fiabilit\u00e9 l\u00e0 o\u00f9 la rapidit\u00e9 d&rsquo;intervention n&rsquo;est pas retenue indispensable.<\/p>\n<h2 style=\"font-size: 22px; line-height: 28px; letter-spacing: 4px;\">Hors-bord<\/h2>\n<p>Disponible \u00e0 partir des RIB de 4,6 m jusqu&rsquo;\u00e0 12 m de longueur est la solution la plus appr\u00e9ci\u00e9e pour la mise en place des constructions d&rsquo;installation, aujourd&rsquo;hui disponible ainsi avec moteurs diesel.<br \/>\nL&rsquo;ample gamme de marques disponibles sur le march\u00e9 pour toutes les puissances nous permet d&rsquo;offrir \u00e0 tous nos clients une panoplie de prestations en termes de vitesse tr\u00e8s remarquables, surtout pour les bateaux plus grands, gr\u00e2ce \u00e0 la possibilit\u00e9 d&rsquo;\u00eatre install\u00e9e en configuration double, triple ou quadruple.<\/p>\n<p><img decoding=\"async\" src=\"https:\/\/www.stemmarine.it\/wp-content\/uploads\/2018\/11\/motorizzazioni-fuoribordo1.jpg\" alt=\"Motorizzazioni - Motorizzazioni Fuoribordo\"><\/p>\n<p><img decoding=\"async\" src=\"https:\/\/www.stemmarine.it\/wp-content\/uploads\/2018\/11\/motorizzazioni-fuoribordo2.jpg\" alt=\"Motorizzazioni - Motorizzazioni Fuoribordo\"><\/p>\n<p><a href=\"https:\/\/www.stemmarine.it\/fr\/contacts\/\">DEMANDER DES INFORMATIONS SUR NOS TECHNOLOGIES<\/a><\/p>\n","protected":false},"excerpt":{"rendered":"<p>Motorisation Le choix du moteur et de la propulsion varie en fonction du type d&rsquo;utilisation au quel est destin\u00e9 le bateau. Les moteurs homologu\u00e9s SOLAS peuvent<span class=\"excerpt-hellip\"> [\u2026]<\/span><\/p>\n","protected":false},"author":17,"featured_media":0,"parent":0,"menu_order":0,"comment_status":"closed","ping_status":"closed","template":"","meta":{"_monsterinsights_skip_tracking":false,"_monsterinsights_sitenote_active":false,"_monsterinsights_sitenote_note":"","_monsterinsights_sitenote_category":0,"footnotes":""},"class_list":["post-1516","page","type-page","status-publish","hentry"],"_links":{"self":[{"href":"https:\/\/www.stemmarine.it\/fr\/wp-json\/wp\/v2\/pages\/1516","targetHints":{"allow":["GET"]}}],"collection":[{"href":"https:\/\/www.stemmarine.it\/fr\/wp-json\/wp\/v2\/pages"}],"about":[{"href":"https:\/\/www.stemmarine.it\/fr\/wp-json\/wp\/v2\/types\/page"}],"author":[{"embeddable":true,"href":"https:\/\/www.stemmarine.it\/fr\/wp-json\/wp\/v2\/users\/17"}],"replies":[{"embeddable":true,"href":"https:\/\/www.stemmarine.it\/fr\/wp-json\/wp\/v2\/comments?post=1516"}],"version-history":[{"count":5,"href":"https:\/\/www.stemmarine.it\/fr\/wp-json\/wp\/v2\/pages\/1516\/revisions"}],"predecessor-version":[{"id":2727,"href":"https:\/\/www.stemmarine.it\/fr\/wp-json\/wp\/v2\/pages\/1516\/revisions\/2727"}],"wp:attachment":[{"href":"https:\/\/www.stemmarine.it\/fr\/wp-json\/wp\/v2\/media?parent=1516"}],"curies":[{"name":"wp","href":"https:\/\/api.w.org\/{rel}","templated":true}]}}