{"id":1524,"date":"2018-12-04T13:54:42","date_gmt":"2018-12-04T12:54:42","guid":{"rendered":"https:\/\/www.stemmarine.it\/?page_id=1524"},"modified":"2023-11-15T14:10:29","modified_gmt":"2023-11-15T13:10:29","slug":"structure-vtr-al","status":"publish","type":"page","link":"https:\/\/www.stemmarine.it\/fr\/structure-vtr-al\/","title":{"rendered":"Structure VTR et Al"},"content":{"rendered":"<h1>Structure VTR et Al<\/h1>\n<p>Les bateaux STEM MARINE peuvent \u00eatre r\u00e9alis\u00e9s aussi bien en VTR renforc\u00e9e qu&rsquo;en alliage d&rsquo;Aluminium.<\/p>\n<h2 style=\"font-size: 22px; line-height: 28px; letter-spacing: 4px;\">VTR<\/h2>\n<p><img decoding=\"async\" src=\"https:\/\/www.stemmarine.it\/wp-content\/uploads\/2018\/11\/struttura-vtr1.jpg\" alt=\"Strutture - Struttura VTR\"><\/p>\n<p>Pour les bateaux en VTR sont utilis\u00e9es les meilleures r\u00e9sines disponibles sur le march\u00e9 et les couches en fibre de verre avec tissus mono et biaxiaux renforc\u00e9s avec Kevlar pour conf\u00e9rer, en cas d&rsquo;impact, une meilleure r\u00e9sistance.<br \/>\nPour tous les bateaux de la gamme en VTR, le moulage est r\u00e9alis\u00e9 par infusion sous-vide en garantissant une r\u00e9sistance maximale avec le moindre poids et l&rsquo;absence de formation d&rsquo;osmose.<br \/>\nCette technique, entre autres, garantit la protection de l&rsquo;environnement en r\u00e9duisant au maximum l&rsquo;\u00e9mission de styr\u00e8ne dans l&rsquo;air.<\/p>\n<p><img decoding=\"async\" src=\"https:\/\/www.stemmarine.it\/wp-content\/uploads\/2018\/11\/struttura-vtr2.jpg\" alt=\"Strutture - Struttura VTR\"><\/p>\n<p><img decoding=\"async\" src=\"https:\/\/www.stemmarine.it\/wp-content\/uploads\/2018\/11\/struttura-vtr3.jpg\" alt=\"Strutture - Struttura VTR\"><\/p>\n<h2 style=\"font-size: 22px; line-height: 28px; letter-spacing: 4px;\">Aluminium<\/h2>\n<p>Les bateaux en aluminium sont r\u00e9alis\u00e9s en alliages pour utilisation nautique et avec des proc\u00e8des de soudure certifi\u00e9e.<br \/>\nLa zone de soudure est rigoureusement prot\u00e9g\u00e9e par atmosph\u00e8res pouvant contaminer l&rsquo;aluminium durant la phase de soudure en garantissant une finition et une qualit\u00e9 du produit parmi les plus \u00e9lev\u00e9s.<\/p>\n<p><a href=\"https:\/\/www.stemmarine.it\/fr\/contacts\/\">DEMANDER DES INFORMATIONS SUR NOS TECHNOLOGIES<\/a><\/p>\n","protected":false},"excerpt":{"rendered":"<p>Structure VTR et Al Les bateaux STEM MARINE peuvent \u00eatre r\u00e9alis\u00e9s aussi bien en VTR renforc\u00e9e qu&rsquo;en alliage d&rsquo;Aluminium. VTR Pour les bateaux en VTR sont<span class=\"excerpt-hellip\"> [\u2026]<\/span><\/p>\n","protected":false},"author":17,"featured_media":0,"parent":0,"menu_order":0,"comment_status":"closed","ping_status":"closed","template":"","meta":{"_monsterinsights_skip_tracking":false,"_monsterinsights_sitenote_active":false,"_monsterinsights_sitenote_note":"","_monsterinsights_sitenote_category":0,"footnotes":""},"class_list":["post-1524","page","type-page","status-publish","hentry"],"_links":{"self":[{"href":"https:\/\/www.stemmarine.it\/fr\/wp-json\/wp\/v2\/pages\/1524","targetHints":{"allow":["GET"]}}],"collection":[{"href":"https:\/\/www.stemmarine.it\/fr\/wp-json\/wp\/v2\/pages"}],"about":[{"href":"https:\/\/www.stemmarine.it\/fr\/wp-json\/wp\/v2\/types\/page"}],"author":[{"embeddable":true,"href":"https:\/\/www.stemmarine.it\/fr\/wp-json\/wp\/v2\/users\/17"}],"replies":[{"embeddable":true,"href":"https:\/\/www.stemmarine.it\/fr\/wp-json\/wp\/v2\/comments?post=1524"}],"version-history":[{"count":5,"href":"https:\/\/www.stemmarine.it\/fr\/wp-json\/wp\/v2\/pages\/1524\/revisions"}],"predecessor-version":[{"id":2724,"href":"https:\/\/www.stemmarine.it\/fr\/wp-json\/wp\/v2\/pages\/1524\/revisions\/2724"}],"wp:attachment":[{"href":"https:\/\/www.stemmarine.it\/fr\/wp-json\/wp\/v2\/media?parent=1524"}],"curies":[{"name":"wp","href":"https:\/\/api.w.org\/{rel}","templated":true}]}}