{"id":1541,"date":"2018-12-04T17:08:40","date_gmt":"2018-12-04T16:08:40","guid":{"rendered":"https:\/\/www.stemmarine.it\/?page_id=1541"},"modified":"2023-11-15T14:15:53","modified_gmt":"2023-11-15T13:15:53","slug":"equipement-anti-incendie","status":"publish","type":"page","link":"https:\/\/www.stemmarine.it\/fr\/equipement-anti-incendie\/","title":{"rendered":"\u00c9quipement anti-incendie"},"content":{"rendered":"<h1>Equipement anti-incendie<\/h1>\n<p>Sur les bateaux anti-incendie les groupes motopompe sont plac\u00e9s en soute et sont \u00e9quip\u00e9s de pompes en bronze pour eau de mer.<\/p>\n<p>CIRCUIT ANTI-INCENDIE<\/p>\n<p><img decoding=\"async\" src=\"https:\/\/www.stemmarine.it\/wp-content\/uploads\/2018\/11\/pompa-acqua.jpg\" alt=\"Fire Equipment - Pompa per Acqua\"><\/p>\n<p>Stem peut fournir installations de pompes anti-incendie allant de 900 jusqu&rsquo;\u00e0 plus de 5000 l\/min \u00e0 10 bar, r\u00e9alis\u00e9es en bronze pour une utilisation avec eau de mer. Plusieurs versions sont disponibles soit en configurations amovibles que r\u00e9alis\u00e9s avec des circuits fixes \u00e9quip\u00e9s de r\u00e9serve de mousse<\/p>\n<p>LANCES<\/p>\n<p><img decoding=\"async\" src=\"https:\/\/www.stemmarine.it\/wp-content\/uploads\/2018\/11\/lancia.jpg\" alt=\"Fire Equipment - Lancia\"><\/p>\n<p>Elles peuvent \u00eatre aussi bien en inox qu&rsquo;en bronze et pouvant \u00eatre command\u00e9es manuellement ou directement depuis la console de pilotage avec des buses simples ou par dispersion de mousse.<\/p>\n<p>MOUSSE<\/p>\n<p><img decoding=\"async\" src=\"https:\/\/www.stemmarine.it\/wp-content\/uploads\/2018\/11\/sistema-schiuma.jpg\" alt=\"Fire Equipment - Sistema per Schiuma\"><\/p>\n<p>Il est possible de produire de la mousse avec diff\u00e9rents pourcentages en utilisant des r\u00e9servoirs allant jusqu&rsquo;\u00e0 400 litres.<\/p>\n<p>SORTIES SUPPLEMENTAIRES<\/p>\n<p><img decoding=\"async\" src=\"https:\/\/www.stemmarine.it\/wp-content\/uploads\/2018\/11\/uscita-supplementare1.jpg\" alt=\"Fire Equipment - Uscita Supplementare\"><\/p>\n<p>Il est \u00e9galement possible avoir des sorties suppl\u00e9mentaires pour raccords manuels ou pour grands d\u00e9bit pour le remplissage de citernes \u00e0 terre ou pour alimenter des circuits anti-incendie terrestres.<\/p>\n<p>PROTECTION SPRINKLER<\/p>\n<p><img decoding=\"async\" src=\"https:\/\/www.stemmarine.it\/wp-content\/uploads\/2018\/11\/sprinkler.jpg\" alt=\"Fire Equipment - Sprinkler\"><\/p>\n<p>Il est disponible d&rsquo;installer un syst\u00e8me d&rsquo;autoprotection contre le rayonnement thermique du feu sur tout le long du p\u00e9rim\u00e8tre du bateau et de la cabine avec un circuit n\u00e9buliseur qui garantit de prot\u00e9ger la structure du bateau et de son \u00e9quipage.<\/p>\n<p><a href=\"https:\/\/www.stemmarine.it\/fr\/contacts\/\">DEMANDER DES INFORMATIONS SUR NOS TECHNOLOGIES<\/a><\/p>\n","protected":false},"excerpt":{"rendered":"<p>Equipement anti-incendie Sur les bateaux anti-incendie les groupes motopompe sont plac\u00e9s en soute et sont \u00e9quip\u00e9s de pompes en bronze pour eau de mer. CIRCUIT ANTI-INCENDIE<span class=\"excerpt-hellip\"> [\u2026]<\/span><\/p>\n","protected":false},"author":17,"featured_media":0,"parent":0,"menu_order":0,"comment_status":"closed","ping_status":"closed","template":"","meta":{"_monsterinsights_skip_tracking":false,"_monsterinsights_sitenote_active":false,"_monsterinsights_sitenote_note":"","_monsterinsights_sitenote_category":0,"footnotes":""},"class_list":["post-1541","page","type-page","status-publish","hentry"],"_links":{"self":[{"href":"https:\/\/www.stemmarine.it\/fr\/wp-json\/wp\/v2\/pages\/1541","targetHints":{"allow":["GET"]}}],"collection":[{"href":"https:\/\/www.stemmarine.it\/fr\/wp-json\/wp\/v2\/pages"}],"about":[{"href":"https:\/\/www.stemmarine.it\/fr\/wp-json\/wp\/v2\/types\/page"}],"author":[{"embeddable":true,"href":"https:\/\/www.stemmarine.it\/fr\/wp-json\/wp\/v2\/users\/17"}],"replies":[{"embeddable":true,"href":"https:\/\/www.stemmarine.it\/fr\/wp-json\/wp\/v2\/comments?post=1541"}],"version-history":[{"count":4,"href":"https:\/\/www.stemmarine.it\/fr\/wp-json\/wp\/v2\/pages\/1541\/revisions"}],"predecessor-version":[{"id":2736,"href":"https:\/\/www.stemmarine.it\/fr\/wp-json\/wp\/v2\/pages\/1541\/revisions\/2736"}],"wp:attachment":[{"href":"https:\/\/www.stemmarine.it\/fr\/wp-json\/wp\/v2\/media?parent=1541"}],"curies":[{"name":"wp","href":"https:\/\/api.w.org\/{rel}","templated":true}]}}