{"id":542,"date":"2018-03-01T12:57:58","date_gmt":"2018-03-01T11:57:58","guid":{"rendered":"https:\/\/www.stemmarine.it\/contatti\/"},"modified":"2023-11-15T12:59:23","modified_gmt":"2023-11-15T11:59:23","slug":"contacts","status":"publish","type":"page","link":"https:\/\/www.stemmarine.it\/fr\/contacts\/","title":{"rendered":"Contacts"},"content":{"rendered":"<h1>Contacts de Stem Marine<\/h1>\n<address>\n<h5 style=\"text-transform: uppercase;\">adresse<\/h5>\n<hr class=\"no_line\" style=\"margin: 0 auto 5px auto\"\/>\n\n<h4>Strada Ghiaie, 12\/D<br \/>\n43014 Medesano (PR)<br \/>\nItalia<\/h4>\n<p style=\"margin-bottom: 0;\">Lundi &#8211; Vendredi: 08:30 &#8211; 17:30<\/p>\n<p>Samedi et Dimanche: fermeture<\/p>\n<hr class=\"no_line\" style=\"margin: 0 auto 20px auto\"\/>\n\n<h5>CONTACTS<\/h5>\n<hr class=\"no_line\" style=\"margin: 0 auto 5px auto\"\/>\n\n<h4><a href=\"mailto:info@stemmarine.it\">info@stemmarine.it<\/a><br \/>\nTel: <a href=\"tel:+390525 30102\">+39 0525 430102<\/a><br \/>\nFax: +39 0525 421341<\/h4>\n<\/address>\n<div style=\"display: inline-flex;\"><a class=\"icone-social-contatti\" style=\"margin-right: 10%;\" title=\"Stem Marine su Facebook\" href=\"https:\/\/www.facebook.com\/stemmarine\"><img decoding=\"async\" class=\"\" style=\"height: 50px !important; width: auto !important; max-width: 50px;\" src=\"https:\/\/www.stemmarine.it\/wp-content\/uploads\/2018\/08\/facebook-logo.png\" alt=\"Logo Facebook\"><\/a><br \/>\n<a class=\"icone-social-contatti\" style=\"margin-right: 10%;\" href=\"https:\/\/www.youtube.com\/channel\/UCvyLYc_9imCfmrnFBK5HAzA\"><img decoding=\"async\" class=\"\" style=\"height: 50px !important; width: auto !important; max-width: 50px;\" src=\"https:\/\/www.stemmarine.it\/wp-content\/uploads\/2018\/08\/youtube-logo.png\" alt=\"Logo YouTube\"><\/a><br \/>\n<a class=\"icone-social-contatti\" href=\"https:\/\/www.linkedin.com\/company\/stem-marine\"><img decoding=\"async\" class=\"\" style=\"height: 50px !important; width: auto !important; max-width: 50px;\" src=\"https:\/\/www.stemmarine.it\/wp-content\/uploads\/2018\/08\/In-2C-128px-R.png\" alt=\"Logo Linkedin\"><\/a><\/div>\n<h5>Envoyez-nous votre demande en entrant les donn\u00e9es suivantes; le bureau des ventes STEM vous contactera dans les meilleurs d\u00e9lais.<\/h5>\n\n<div class=\"wpcf7 no-js\" id=\"wpcf7-f749-o1\" lang=\"en-US\" dir=\"ltr\" data-wpcf7-id=\"749\">\n<div class=\"screen-reader-response\"><p role=\"status\" aria-live=\"polite\" aria-atomic=\"true\"><\/p> <ul><\/ul><\/div>\n<form action=\"\/fr\/wp-json\/wp\/v2\/pages\/542#wpcf7-f749-o1\" method=\"post\" class=\"wpcf7-form init\" aria-label=\"Contact form\" novalidate=\"novalidate\" data-status=\"init\">\n<fieldset class=\"hidden-fields-container\"><input type=\"hidden\" name=\"_wpcf7\" value=\"749\" \/><input type=\"hidden\" name=\"_wpcf7_version\" value=\"6.1.5\" \/><input type=\"hidden\" name=\"_wpcf7_locale\" value=\"en_US\" \/><input type=\"hidden\" name=\"_wpcf7_unit_tag\" value=\"wpcf7-f749-o1\" \/><input type=\"hidden\" name=\"_wpcf7_container_post\" value=\"0\" \/><input type=\"hidden\" name=\"_wpcf7_posted_data_hash\" value=\"\" \/>\n<\/fieldset>\n<div class=\"column one-second\" style=\"margin-right:.5%;\">\n\t<p><label><span class=\"wpcf7-form-control-wrap\" data-name=\"your-name\"><input size=\"40\" maxlength=\"400\" class=\"wpcf7-form-control wpcf7-text wpcf7-validates-as-required\" aria-required=\"true\" aria-invalid=\"false\" placeholder=\"Nom et Pr\u00e9nom\" value=\"\" type=\"text\" name=\"your-name\" \/><\/span> <\/label>\n\t<\/p>\n<\/div>\n<div class=\"column one-second\" style=\"margin-left:.5%;\">\n\t<p><label><span class=\"wpcf7-form-control-wrap\" data-name=\"your-email\"><input size=\"40\" maxlength=\"400\" class=\"wpcf7-form-control wpcf7-email wpcf7-validates-as-required wpcf7-text wpcf7-validates-as-email\" aria-required=\"true\" aria-invalid=\"false\" placeholder=\"Email\" value=\"\" type=\"email\" name=\"your-email\" \/><\/span><\/label>\n\t<\/p>\n<\/div>\n<div class=\"column one-second\" style=\"margin-right:.5%;\">\n\t<p><label><span class=\"wpcf7-form-control-wrap\" data-name=\"your-work\"><input size=\"40\" maxlength=\"400\" class=\"wpcf7-form-control wpcf7-text wpcf7-validates-as-required\" aria-required=\"true\" aria-invalid=\"false\" placeholder=\"Soci\u00e9t\u00e9\" value=\"\" type=\"text\" name=\"your-work\" \/><\/span> <\/label>\n\t<\/p>\n<\/div>\n<div class=\"column one-second\" style=\"margin-left:.5%;\">\n\t<p><label><span class=\"wpcf7-form-control-wrap\" data-name=\"tel-722\"><input size=\"40\" maxlength=\"400\" class=\"wpcf7-form-control wpcf7-tel wpcf7-validates-as-required wpcf7-text wpcf7-validates-as-tel\" aria-required=\"true\" aria-invalid=\"false\" placeholder=\"T\u00e9l\u00e9phone\" value=\"\" type=\"tel\" name=\"tel-722\" \/><\/span><\/label>\n\t<\/p>\n<\/div>\n<div class=\"column one\">\n\t<p><label><span class=\"wpcf7-form-control-wrap\" data-name=\"your-message\"><textarea cols=\"40\" rows=\"10\" maxlength=\"2000\" class=\"wpcf7-form-control wpcf7-textarea\" aria-invalid=\"false\" placeholder=\"\u00c9crivez votre message ici\" name=\"your-message\"><\/textarea><\/span> <\/label>\n\t<\/p>\n<\/div>\n<div class=\"column one\">\n\t<p><span class=\"wpcf7-form-control-wrap\" data-name=\"acceptance-223\"><span class=\"wpcf7-form-control wpcf7-acceptance\"><span class=\"wpcf7-list-item\"><input type=\"checkbox\" name=\"acceptance-223\" value=\"1\" aria-invalid=\"false\" \/><\/span><\/span><\/span> Je d\u00e9clare avoir pris connaissance de la <a href=\"https:\/\/www.stemmarine.it\/fr\/contacts-policy\/\">politique de confidentialit\u00e9<\/a> et en accepter les termes et conditions\n\t<\/p>\n<\/div>\n<div class=\"column one\" style=\"display:none;\">\n\t<p><span class=\"wpcf7-form-control-wrap\" data-name=\"acceptance-487\"><span class=\"wpcf7-form-control wpcf7-acceptance optional\"><span class=\"wpcf7-list-item\"><input type=\"checkbox\" name=\"acceptance-487\" value=\"1\" aria-invalid=\"false\" \/><\/span><\/span><\/span> avec une r\u00e9f\u00e9rence sp\u00e9cifique au point B des finalit\u00e9s de la <a href=\"https:\/\/www.stemmarine.it\/fr\/contacts-policy\/ \">politique de confidentialit\u00e9<\/a>, consentez bient\u00f4t au traitement des donn\u00e9es\n\t<\/p>\n<\/div>\n<div class=\"column one\">\n\t<p><span class=\"wpcf7-form-control-wrap\" data-name=\"acceptance-358\"><span class=\"wpcf7-form-control wpcf7-acceptance optional\"><span class=\"wpcf7-list-item\"><label><input type=\"checkbox\" name=\"acceptance-358\" value=\"1\" aria-invalid=\"false\" \/><span class=\"wpcf7-list-item-label\">Pour ce qu'il concerne le point B sur l'envoi des lettres d'informations par courrier \u00e9lectronique Politique de Protection de la Vie Priv\u00e9e je donne mon accord<\/span><\/label><\/span><\/span><\/span>\n\t<\/p>\n<\/div>\n<p><span id=\"wpcf7-69e512d1700a1-wrapper\" class=\"wpcf7-form-control-wrap website-wrap\" style=\"display:none !important; visibility:hidden !important;\"><label for=\"wpcf7-69e512d1700a1-field\" class=\"hp-message\">Please leave this field empty.<\/label><input id=\"wpcf7-69e512d1700a1-field\"  class=\"wpcf7-form-control wpcf7-text\" type=\"text\" name=\"website\" value=\"\" size=\"40\" tabindex=\"-1\" autocomplete=\"new-password\" \/><\/span>\n<\/p>\n<div class=\"column one btn-contatti\" style=\"margin-top:35px;\">\n\t<p><input class=\"wpcf7-form-control wpcf7-submit has-spinner button_full_width\" type=\"submit\" value=\"ENVOYER\" \/>\n\t<\/p>\n<\/div><div class=\"wpcf7-response-output\" aria-hidden=\"true\"><\/div>\n<\/form>\n<\/div>\n\n<h5>Abonnez-vous \u00e0 notre newsletter<br \/>\net restez au courant des \u00e9v\u00e9nements de Stem Marine<\/h5>\n\n<div class=\"wpcf7 no-js\" id=\"wpcf7-f753-o2\" lang=\"it-IT\" dir=\"ltr\" data-wpcf7-id=\"753\">\n<div class=\"screen-reader-response\"><p role=\"status\" aria-live=\"polite\" aria-atomic=\"true\"><\/p> <ul><\/ul><\/div>\n<form action=\"\/fr\/wp-json\/wp\/v2\/pages\/542#wpcf7-f753-o2\" method=\"post\" class=\"wpcf7-form init\" aria-label=\"Modulo di contatto\" novalidate=\"novalidate\" data-status=\"init\">\n<fieldset class=\"hidden-fields-container\"><input type=\"hidden\" name=\"_wpcf7\" value=\"753\" \/><input type=\"hidden\" name=\"_wpcf7_version\" value=\"6.1.5\" \/><input type=\"hidden\" name=\"_wpcf7_locale\" value=\"it_IT\" \/><input type=\"hidden\" name=\"_wpcf7_unit_tag\" value=\"wpcf7-f753-o2\" \/><input type=\"hidden\" name=\"_wpcf7_container_post\" value=\"0\" \/><input type=\"hidden\" name=\"_wpcf7_posted_data_hash\" value=\"\" \/>\n<\/fieldset>\n<div class=\"newsletter-stem\">\n\t<div class=\"column one-second\" style=\"margin-right:.5%;\">\n\t\t<p><label><span class=\"wpcf7-form-control-wrap\" data-name=\"your-email\"><input size=\"40\" maxlength=\"400\" class=\"wpcf7-form-control wpcf7-email wpcf7-validates-as-required wpcf7-text wpcf7-validates-as-email\" aria-required=\"true\" aria-invalid=\"false\" placeholder=\"Email\" value=\"\" type=\"email\" name=\"your-email\" \/><\/span><\/label>\n\t\t<\/p>\n\t<\/div>\n\t<div class=\"column one-second\" style=\"margin-left:.5%;\">\n\t\t<p><label><input class=\"wpcf7-form-control wpcf7-submit has-spinner\" type=\"submit\" value=\"Soumettre\" \/><\/label>\n\t\t<\/p>\n\t<\/div>\n\t<div class=\"column one\" style=\"height:30px;\">\n\t\t<p>[mailpoetsignup* mailpoetsignup-555 list:3 default:on \"Je d\u00e9clare avoir lu la politique de confidentialit\u00e9\"]\n\t\t<\/p>\n\t<\/div>\n\t<div class=\"column one\">\n\t\t<p>[mpconsent mpconsent-897 privacypage:https:\/\/www.stemmarine.it\/privacy-policy\/ \"En vous abonnant \u00e0 la newsletter, vous consentez \u00e0 recevoir des emails concernant les \u00e9v\u00e9nements Stem Marine et \u00e0 d\u00e9clarer que vous avez lu la {privacypage}. Nous ne vous enverrons pas de mat\u00e9riel commercial et vous pourrez vous d\u00e9sabonner \u00e0 votre guise.\"]\n\t\t<\/p>\n\t<\/div>\n<\/div><div class=\"wpcf7-response-output\" aria-hidden=\"true\"><\/div>\n<\/form>\n<\/div>\n\n","protected":false},"excerpt":{"rendered":"<p>Contacts de Stem Marine adresse Strada Ghiaie, 12\/D 43014 Medesano (PR) Italia Lundi &#8211; Vendredi: 08:30 &#8211; 17:30 Samedi et Dimanche: fermeture CONTACTS info@stemmarine.it Tel: +39<span class=\"excerpt-hellip\"> [\u2026]<\/span><\/p>\n","protected":false},"author":17,"featured_media":0,"parent":0,"menu_order":0,"comment_status":"closed","ping_status":"closed","template":"","meta":{"_monsterinsights_skip_tracking":false,"_monsterinsights_sitenote_active":false,"_monsterinsights_sitenote_note":"","_monsterinsights_sitenote_category":0,"footnotes":""},"class_list":["post-542","page","type-page","status-publish","hentry"],"_links":{"self":[{"href":"https:\/\/www.stemmarine.it\/fr\/wp-json\/wp\/v2\/pages\/542","targetHints":{"allow":["GET"]}}],"collection":[{"href":"https:\/\/www.stemmarine.it\/fr\/wp-json\/wp\/v2\/pages"}],"about":[{"href":"https:\/\/www.stemmarine.it\/fr\/wp-json\/wp\/v2\/types\/page"}],"author":[{"embeddable":true,"href":"https:\/\/www.stemmarine.it\/fr\/wp-json\/wp\/v2\/users\/17"}],"replies":[{"embeddable":true,"href":"https:\/\/www.stemmarine.it\/fr\/wp-json\/wp\/v2\/comments?post=542"}],"version-history":[{"count":6,"href":"https:\/\/www.stemmarine.it\/fr\/wp-json\/wp\/v2\/pages\/542\/revisions"}],"predecessor-version":[{"id":2766,"href":"https:\/\/www.stemmarine.it\/fr\/wp-json\/wp\/v2\/pages\/542\/revisions\/2766"}],"wp:attachment":[{"href":"https:\/\/www.stemmarine.it\/fr\/wp-json\/wp\/v2\/media?parent=542"}],"curies":[{"name":"wp","href":"https:\/\/api.w.org\/{rel}","templated":true}]}}