{"id":671,"date":"2018-08-29T14:40:39","date_gmt":"2018-08-29T12:40:39","guid":{"rendered":"https:\/\/www.stemmarine.it\/stem-marine-boats\/"},"modified":"2023-11-15T14:36:13","modified_gmt":"2023-11-15T13:36:13","slug":"bateaux-haute-performance","status":"publish","type":"page","link":"https:\/\/www.stemmarine.it\/fr\/bateaux-haute-performance\/","title":{"rendered":"Les bateaux de Stem Marine"},"content":{"rendered":"<h1>Les bateaux de Stem Marine<\/h1>\n<h2 style=\"font-size: 22px; line-height: 28px; letter-spacing: 4px;\">Bateaux professionnels de haute performance pour la surveillance et le secours<\/h2>\n<p>Fonctionnels, rapides et fiables, les bateaux Stem Marine fondent qualit\u00e9 et technologie aux niveaux les plus \u00e9lev\u00e9s.<\/p>\n<hr class=\"no_line\" style=\"margin: 0 auto 50px auto\"\/>\n\n","protected":false},"excerpt":{"rendered":"<p>Les bateaux de Stem Marine Bateaux professionnels de haute performance pour la surveillance et le secours Fonctionnels, rapides et fiables, les bateaux Stem Marine fondent qualit\u00e9<span class=\"excerpt-hellip\"> [\u2026]<\/span><\/p>\n","protected":false},"author":17,"featured_media":0,"parent":0,"menu_order":0,"comment_status":"closed","ping_status":"closed","template":"","meta":{"_monsterinsights_skip_tracking":false,"_monsterinsights_sitenote_active":false,"_monsterinsights_sitenote_note":"","_monsterinsights_sitenote_category":0,"footnotes":""},"class_list":["post-671","page","type-page","status-publish","hentry"],"_links":{"self":[{"href":"https:\/\/www.stemmarine.it\/fr\/wp-json\/wp\/v2\/pages\/671","targetHints":{"allow":["GET"]}}],"collection":[{"href":"https:\/\/www.stemmarine.it\/fr\/wp-json\/wp\/v2\/pages"}],"about":[{"href":"https:\/\/www.stemmarine.it\/fr\/wp-json\/wp\/v2\/types\/page"}],"author":[{"embeddable":true,"href":"https:\/\/www.stemmarine.it\/fr\/wp-json\/wp\/v2\/users\/17"}],"replies":[{"embeddable":true,"href":"https:\/\/www.stemmarine.it\/fr\/wp-json\/wp\/v2\/comments?post=671"}],"version-history":[{"count":3,"href":"https:\/\/www.stemmarine.it\/fr\/wp-json\/wp\/v2\/pages\/671\/revisions"}],"predecessor-version":[{"id":1644,"href":"https:\/\/www.stemmarine.it\/fr\/wp-json\/wp\/v2\/pages\/671\/revisions\/1644"}],"wp:attachment":[{"href":"https:\/\/www.stemmarine.it\/fr\/wp-json\/wp\/v2\/media?parent=671"}],"curies":[{"name":"wp","href":"https:\/\/api.w.org\/{rel}","templated":true}]}}