{"id":699,"date":"2018-09-26T14:35:47","date_gmt":"2018-09-26T12:35:47","guid":{"rendered":"https:\/\/www.stemmarine.it\/video-gallery\/"},"modified":"2023-11-15T13:01:55","modified_gmt":"2023-11-15T12:01:55","slug":"galerie-video","status":"publish","type":"page","link":"https:\/\/www.stemmarine.it\/fr\/galerie-video\/","title":{"rendered":"Galerie Vid\u00e9o"},"content":{"rendered":"<h1>Galerie Vid\u00e9o<\/h1>\n<p>Nous vous pr\u00e9sentons une s\u00e9lection de nos embarcations en action.<\/p>\n<h5>Suivez nous sur notre chaine YouTube <a title=\"Stem Marine YouTube\" href=\"https:\/\/www.youtube.com\/channel\/UCvyLYc_9imCfmrnFBK5HAzA\" target=\"_blank\" rel=\"noopener\"><img decoding=\"async\" class=\"scale-with-grid\" src=\"https:\/\/www.stemmarine.it\/wp-content\/uploads\/2018\/08\/youtube-logo.png\" alt=\"Logo YouTube\"><\/a><\/h5>\n","protected":false},"excerpt":{"rendered":"<p>Galerie Vid\u00e9o Nous vous pr\u00e9sentons une s\u00e9lection de nos embarcations en action. Suivez nous sur notre chaine YouTube<\/p>\n","protected":false},"author":17,"featured_media":0,"parent":0,"menu_order":0,"comment_status":"closed","ping_status":"closed","template":"","meta":{"_monsterinsights_skip_tracking":false,"_monsterinsights_sitenote_active":false,"_monsterinsights_sitenote_note":"","_monsterinsights_sitenote_category":0,"footnotes":""},"class_list":["post-699","page","type-page","status-publish","hentry"],"_links":{"self":[{"href":"https:\/\/www.stemmarine.it\/fr\/wp-json\/wp\/v2\/pages\/699","targetHints":{"allow":["GET"]}}],"collection":[{"href":"https:\/\/www.stemmarine.it\/fr\/wp-json\/wp\/v2\/pages"}],"about":[{"href":"https:\/\/www.stemmarine.it\/fr\/wp-json\/wp\/v2\/types\/page"}],"author":[{"embeddable":true,"href":"https:\/\/www.stemmarine.it\/fr\/wp-json\/wp\/v2\/users\/17"}],"replies":[{"embeddable":true,"href":"https:\/\/www.stemmarine.it\/fr\/wp-json\/wp\/v2\/comments?post=699"}],"version-history":[{"count":4,"href":"https:\/\/www.stemmarine.it\/fr\/wp-json\/wp\/v2\/pages\/699\/revisions"}],"predecessor-version":[{"id":2769,"href":"https:\/\/www.stemmarine.it\/fr\/wp-json\/wp\/v2\/pages\/699\/revisions\/2769"}],"wp:attachment":[{"href":"https:\/\/www.stemmarine.it\/fr\/wp-json\/wp\/v2\/media?parent=699"}],"curies":[{"name":"wp","href":"https:\/\/api.w.org\/{rel}","templated":true}]}}